{"id":1862,"date":"2022-09-23T09:35:08","date_gmt":"2022-09-23T07:35:08","guid":{"rendered":"https:\/\/st-eng.it\/a-family-company\/"},"modified":"2026-02-11T11:05:39","modified_gmt":"2026-02-11T10:05:39","slug":"une-entreprise-familiale","status":"publish","type":"page","link":"https:\/\/st-eng.it\/fr\/une-entreprise-familiale\/","title":{"rendered":"Une entreprise familiale"},"content":{"rendered":"\n<p>Expertise, recherche et innovation sont les caract\u00e9ristiques qui distinguent la conception et la fabrication de nos machines et syst\u00e8mes depuis plus de 40 ans. ST ENGINEERING, fond\u00e9e sur l&rsquo;union vertueuse des id\u00e9es de deux g\u00e9n\u00e9rations, est en constante \u00e9volution, cr\u00e9ant des solutions pour la production de stores, de volets roulants et de pergolas, fi\u00e8rement Made in Italy, export\u00e9s dans le monde entier.<\/p>\n","protected":false},"excerpt":{"rendered":"Expertise, recherche et innovation sont les caract\u00e9ristiques qui distinguent la conception et la fabrication de nos\u2026 <a href=\"https:\/\/st-eng.it\/fr\/une-entreprise-familiale\/\"><\/a>","protected":false},"author":1,"featured_media":700,"parent":0,"menu_order":0,"comment_status":"closed","ping_status":"closed","template":"page-AZIENDA.php","meta":{"_acf_changed":false,"footnotes":""},"class_list":["post-1862","page","type-page","status-publish","has-post-thumbnail","hentry"],"acf":[],"yoast_head":"<!-- This site is optimized with the Yoast SEO plugin v27.3 - https:\/\/yoast.com\/product\/yoast-seo-wordpress\/ -->\n<title>ST engineering - une technologie sp\u00e9cialis\u00e9e et un contact direct<\/title>\n<meta name=\"description\" content=\"La technologie avanc\u00e9e de nos machines \u00e0 stores est combin\u00e9e aux avantages d&#039;une entreprise familiale. D\u00e9couvrez\" \/>\n<meta name=\"robots\" content=\"index, follow, max-snippet:-1, max-image-preview:large, max-video-preview:-1\" \/>\n<link rel=\"canonical\" href=\"https:\/\/st-eng.it\/fr\/une-entreprise-familiale\/\" \/>\n<meta property=\"og:locale\" content=\"fr_FR\" \/>\n<meta property=\"og:type\" content=\"article\" \/>\n<meta property=\"og:title\" content=\"ST engineering - une technologie sp\u00e9cialis\u00e9e et un contact direct\" \/>\n<meta property=\"og:description\" content=\"La technologie avanc\u00e9e de nos machines \u00e0 stores est combin\u00e9e aux avantages d&#039;une entreprise familiale. D\u00e9couvrez\" \/>\n<meta property=\"og:url\" content=\"https:\/\/st-eng.it\/fr\/une-entreprise-familiale\/\" \/>\n<meta property=\"og:site_name\" content=\"ST engineering\" \/>\n<meta property=\"article:modified_time\" content=\"2026-02-11T10:05:39+00:00\" \/>\n<meta property=\"og:image\" content=\"https:\/\/st-eng.it\/wp-content\/uploads\/2022\/10\/family-company-schiavinato-2021.jpg\" \/>\n\t<meta property=\"og:image:width\" content=\"2334\" \/>\n\t<meta property=\"og:image:height\" content=\"1984\" \/>\n\t<meta property=\"og:image:type\" content=\"image\/jpeg\" \/>\n<meta name=\"twitter:card\" content=\"summary_large_image\" \/>\n<meta name=\"twitter:label1\" content=\"Dur\u00e9e de lecture estim\u00e9e\" \/>\n\t<meta name=\"twitter:data1\" content=\"1 minute\" \/>\n<script type=\"application\/ld+json\" class=\"yoast-schema-graph\">{\"@context\":\"https:\\\/\\\/schema.org\",\"@graph\":[{\"@type\":\"WebPage\",\"@id\":\"https:\\\/\\\/st-eng.it\\\/fr\\\/une-entreprise-familiale\\\/\",\"url\":\"https:\\\/\\\/st-eng.it\\\/fr\\\/une-entreprise-familiale\\\/\",\"name\":\"ST engineering - une technologie sp\u00e9cialis\u00e9e et un contact direct\",\"isPartOf\":{\"@id\":\"https:\\\/\\\/st-eng.it\\\/fr\\\/#website\"},\"primaryImageOfPage\":{\"@id\":\"https:\\\/\\\/st-eng.it\\\/fr\\\/une-entreprise-familiale\\\/#primaryimage\"},\"image\":{\"@id\":\"https:\\\/\\\/st-eng.it\\\/fr\\\/une-entreprise-familiale\\\/#primaryimage\"},\"thumbnailUrl\":\"https:\\\/\\\/st-eng.it\\\/wp-content\\\/uploads\\\/2022\\\/10\\\/family-company-schiavinato-2021.jpg\",\"datePublished\":\"2022-09-23T07:35:08+00:00\",\"dateModified\":\"2026-02-11T10:05:39+00:00\",\"description\":\"La technologie avanc\u00e9e de nos machines \u00e0 stores est combin\u00e9e aux avantages d'une entreprise familiale. D\u00e9couvrez\",\"inLanguage\":\"fr-FR\",\"potentialAction\":[{\"@type\":\"ReadAction\",\"target\":[\"https:\\\/\\\/st-eng.it\\\/fr\\\/une-entreprise-familiale\\\/\"]}]},{\"@type\":\"ImageObject\",\"inLanguage\":\"fr-FR\",\"@id\":\"https:\\\/\\\/st-eng.it\\\/fr\\\/une-entreprise-familiale\\\/#primaryimage\",\"url\":\"https:\\\/\\\/st-eng.it\\\/wp-content\\\/uploads\\\/2022\\\/10\\\/family-company-schiavinato-2021.jpg\",\"contentUrl\":\"https:\\\/\\\/st-eng.it\\\/wp-content\\\/uploads\\\/2022\\\/10\\\/family-company-schiavinato-2021.jpg\",\"width\":2334,\"height\":1984},{\"@type\":\"WebSite\",\"@id\":\"https:\\\/\\\/st-eng.it\\\/fr\\\/#website\",\"url\":\"https:\\\/\\\/st-eng.it\\\/fr\\\/\",\"name\":\"ST engineering\",\"description\":\"technology - quality - passion\",\"publisher\":{\"@id\":\"https:\\\/\\\/st-eng.it\\\/fr\\\/#organization\"},\"potentialAction\":[{\"@type\":\"SearchAction\",\"target\":{\"@type\":\"EntryPoint\",\"urlTemplate\":\"https:\\\/\\\/st-eng.it\\\/fr\\\/?s={search_term_string}\"},\"query-input\":{\"@type\":\"PropertyValueSpecification\",\"valueRequired\":true,\"valueName\":\"search_term_string\"}}],\"inLanguage\":\"fr-FR\"},{\"@type\":\"Organization\",\"@id\":\"https:\\\/\\\/st-eng.it\\\/fr\\\/#organization\",\"name\":\"ST engineering\",\"url\":\"https:\\\/\\\/st-eng.it\\\/fr\\\/\",\"logo\":{\"@type\":\"ImageObject\",\"inLanguage\":\"fr-FR\",\"@id\":\"https:\\\/\\\/st-eng.it\\\/fr\\\/#\\\/schema\\\/logo\\\/image\\\/\",\"url\":\"https:\\\/\\\/st-eng.it\\\/wp-content\\\/uploads\\\/2022\\\/10\\\/favicon.png\",\"contentUrl\":\"https:\\\/\\\/st-eng.it\\\/wp-content\\\/uploads\\\/2022\\\/10\\\/favicon.png\",\"width\":467,\"height\":464,\"caption\":\"ST engineering\"},\"image\":{\"@id\":\"https:\\\/\\\/st-eng.it\\\/fr\\\/#\\\/schema\\\/logo\\\/image\\\/\"},\"sameAs\":[\"https:\\\/\\\/www.instagram.com\\\/stengineering_italy\\\/\",\"https:\\\/\\\/it.linkedin.com\\\/company\\\/st-engineering-a28127211\"]}]}<\/script>\n<!-- \/ Yoast SEO plugin. -->","yoast_head_json":{"title":"ST engineering - une technologie sp\u00e9cialis\u00e9e et un contact direct","description":"La technologie avanc\u00e9e de nos machines \u00e0 stores est combin\u00e9e aux avantages d'une entreprise familiale. D\u00e9couvrez","robots":{"index":"index","follow":"follow","max-snippet":"max-snippet:-1","max-image-preview":"max-image-preview:large","max-video-preview":"max-video-preview:-1"},"canonical":"https:\/\/st-eng.it\/fr\/une-entreprise-familiale\/","og_locale":"fr_FR","og_type":"article","og_title":"ST engineering - une technologie sp\u00e9cialis\u00e9e et un contact direct","og_description":"La technologie avanc\u00e9e de nos machines \u00e0 stores est combin\u00e9e aux avantages d'une entreprise familiale. D\u00e9couvrez","og_url":"https:\/\/st-eng.it\/fr\/une-entreprise-familiale\/","og_site_name":"ST engineering","article_modified_time":"2026-02-11T10:05:39+00:00","og_image":[{"width":2334,"height":1984,"url":"https:\/\/st-eng.it\/wp-content\/uploads\/2022\/10\/family-company-schiavinato-2021.jpg","type":"image\/jpeg"}],"twitter_card":"summary_large_image","twitter_misc":{"Dur\u00e9e de lecture estim\u00e9e":"1 minute"},"schema":{"@context":"https:\/\/schema.org","@graph":[{"@type":"WebPage","@id":"https:\/\/st-eng.it\/fr\/une-entreprise-familiale\/","url":"https:\/\/st-eng.it\/fr\/une-entreprise-familiale\/","name":"ST engineering - une technologie sp\u00e9cialis\u00e9e et un contact direct","isPartOf":{"@id":"https:\/\/st-eng.it\/fr\/#website"},"primaryImageOfPage":{"@id":"https:\/\/st-eng.it\/fr\/une-entreprise-familiale\/#primaryimage"},"image":{"@id":"https:\/\/st-eng.it\/fr\/une-entreprise-familiale\/#primaryimage"},"thumbnailUrl":"https:\/\/st-eng.it\/wp-content\/uploads\/2022\/10\/family-company-schiavinato-2021.jpg","datePublished":"2022-09-23T07:35:08+00:00","dateModified":"2026-02-11T10:05:39+00:00","description":"La technologie avanc\u00e9e de nos machines \u00e0 stores est combin\u00e9e aux avantages d'une entreprise familiale. D\u00e9couvrez","inLanguage":"fr-FR","potentialAction":[{"@type":"ReadAction","target":["https:\/\/st-eng.it\/fr\/une-entreprise-familiale\/"]}]},{"@type":"ImageObject","inLanguage":"fr-FR","@id":"https:\/\/st-eng.it\/fr\/une-entreprise-familiale\/#primaryimage","url":"https:\/\/st-eng.it\/wp-content\/uploads\/2022\/10\/family-company-schiavinato-2021.jpg","contentUrl":"https:\/\/st-eng.it\/wp-content\/uploads\/2022\/10\/family-company-schiavinato-2021.jpg","width":2334,"height":1984},{"@type":"WebSite","@id":"https:\/\/st-eng.it\/fr\/#website","url":"https:\/\/st-eng.it\/fr\/","name":"ST engineering","description":"technology - quality - passion","publisher":{"@id":"https:\/\/st-eng.it\/fr\/#organization"},"potentialAction":[{"@type":"SearchAction","target":{"@type":"EntryPoint","urlTemplate":"https:\/\/st-eng.it\/fr\/?s={search_term_string}"},"query-input":{"@type":"PropertyValueSpecification","valueRequired":true,"valueName":"search_term_string"}}],"inLanguage":"fr-FR"},{"@type":"Organization","@id":"https:\/\/st-eng.it\/fr\/#organization","name":"ST engineering","url":"https:\/\/st-eng.it\/fr\/","logo":{"@type":"ImageObject","inLanguage":"fr-FR","@id":"https:\/\/st-eng.it\/fr\/#\/schema\/logo\/image\/","url":"https:\/\/st-eng.it\/wp-content\/uploads\/2022\/10\/favicon.png","contentUrl":"https:\/\/st-eng.it\/wp-content\/uploads\/2022\/10\/favicon.png","width":467,"height":464,"caption":"ST engineering"},"image":{"@id":"https:\/\/st-eng.it\/fr\/#\/schema\/logo\/image\/"},"sameAs":["https:\/\/www.instagram.com\/stengineering_italy\/","https:\/\/it.linkedin.com\/company\/st-engineering-a28127211"]}]}},"_links":{"self":[{"href":"https:\/\/st-eng.it\/fr\/wp-json\/wp\/v2\/pages\/1862","targetHints":{"allow":["GET"]}}],"collection":[{"href":"https:\/\/st-eng.it\/fr\/wp-json\/wp\/v2\/pages"}],"about":[{"href":"https:\/\/st-eng.it\/fr\/wp-json\/wp\/v2\/types\/page"}],"author":[{"embeddable":true,"href":"https:\/\/st-eng.it\/fr\/wp-json\/wp\/v2\/users\/1"}],"replies":[{"embeddable":true,"href":"https:\/\/st-eng.it\/fr\/wp-json\/wp\/v2\/comments?post=1862"}],"version-history":[{"count":9,"href":"https:\/\/st-eng.it\/fr\/wp-json\/wp\/v2\/pages\/1862\/revisions"}],"predecessor-version":[{"id":3333,"href":"https:\/\/st-eng.it\/fr\/wp-json\/wp\/v2\/pages\/1862\/revisions\/3333"}],"wp:featuredmedia":[{"embeddable":true,"href":"https:\/\/st-eng.it\/fr\/wp-json\/wp\/v2\/media\/700"}],"wp:attachment":[{"href":"https:\/\/st-eng.it\/fr\/wp-json\/wp\/v2\/media?parent=1862"}],"curies":[{"name":"wp","href":"https:\/\/api.w.org\/{rel}","templated":true}]}}