{"id":1866,"date":"2022-09-23T09:35:08","date_gmt":"2022-09-23T07:35:08","guid":{"rendered":"https:\/\/st-eng.it\/a-family-company\/"},"modified":"2026-02-11T11:11:44","modified_gmt":"2026-02-11T10:11:44","slug":"empresa-familiar","status":"publish","type":"page","link":"https:\/\/st-eng.it\/es\/empresa-familiar\/","title":{"rendered":"Una empresa familiar"},"content":{"rendered":"\n<p>La experiencia, la investigaci\u00f3n y la innovaci\u00f3n son las caracter\u00edsticas que distinguen el dise\u00f1o y la fabricaci\u00f3n de nuestras m\u00e1quinas y sistemas desde hace m\u00e1s de 40 a\u00f1os. ST ENGINEERING, fundada en la uni\u00f3n virtuosa de las ideas de dos generaciones, est\u00e1 en constante evoluci\u00f3n, creando soluciones para la producci\u00f3n de toldos, persianas y p\u00e9rgolas, orgullosamente Made in Italy, exportadas a todo el mundo.<\/p>\n","protected":false},"excerpt":{"rendered":"La experiencia, la investigaci\u00f3n y la innovaci\u00f3n son las caracter\u00edsticas que distinguen el dise\u00f1o y la\u2026 <a href=\"https:\/\/st-eng.it\/es\/empresa-familiar\/\"><\/a>","protected":false},"author":1,"featured_media":703,"parent":0,"menu_order":0,"comment_status":"closed","ping_status":"closed","template":"page-AZIENDA.php","meta":{"_acf_changed":false,"footnotes":""},"class_list":["post-1866","page","type-page","status-publish","has-post-thumbnail","hentry"],"acf":[],"yoast_head":"<!-- This site is optimized with the Yoast SEO plugin v27.3 - https:\/\/yoast.com\/product\/yoast-seo-wordpress\/ -->\n<title>ST engineering - ofrece tecnolog\u00eda especializada y contacto directo<\/title>\n<meta name=\"description\" content=\"La avanzada tecnolog\u00eda de nuestra maquinaria para toldos se combina con las ventajas de una empresa familiar. Descubra\" \/>\n<meta name=\"robots\" content=\"index, follow, max-snippet:-1, max-image-preview:large, max-video-preview:-1\" \/>\n<link rel=\"canonical\" href=\"https:\/\/st-eng.it\/es\/empresa-familiar\/\" \/>\n<meta property=\"og:locale\" content=\"es_ES\" \/>\n<meta property=\"og:type\" content=\"article\" \/>\n<meta property=\"og:title\" content=\"ST engineering - ofrece tecnolog\u00eda especializada y contacto directo\" \/>\n<meta property=\"og:description\" content=\"La avanzada tecnolog\u00eda de nuestra maquinaria para toldos se combina con las ventajas de una empresa familiar. Descubra\" \/>\n<meta property=\"og:url\" content=\"https:\/\/st-eng.it\/es\/empresa-familiar\/\" \/>\n<meta property=\"og:site_name\" content=\"ST engineering\" \/>\n<meta property=\"article:modified_time\" content=\"2026-02-11T10:11:44+00:00\" \/>\n<meta property=\"og:image\" content=\"https:\/\/st-eng.it\/wp-content\/uploads\/2022\/10\/family-company-schiavinato-2021.jpg\" \/>\n\t<meta property=\"og:image:width\" content=\"2334\" \/>\n\t<meta property=\"og:image:height\" content=\"1984\" \/>\n\t<meta property=\"og:image:type\" content=\"image\/jpeg\" \/>\n<meta name=\"twitter:card\" content=\"summary_large_image\" \/>\n<meta name=\"twitter:label1\" content=\"Tiempo de lectura\" \/>\n\t<meta name=\"twitter:data1\" content=\"1 minuto\" \/>\n<script type=\"application\/ld+json\" class=\"yoast-schema-graph\">{\"@context\":\"https:\\\/\\\/schema.org\",\"@graph\":[{\"@type\":\"WebPage\",\"@id\":\"https:\\\/\\\/st-eng.it\\\/es\\\/empresa-familiar\\\/\",\"url\":\"https:\\\/\\\/st-eng.it\\\/es\\\/empresa-familiar\\\/\",\"name\":\"ST engineering - ofrece tecnolog\u00eda especializada y contacto directo\",\"isPartOf\":{\"@id\":\"https:\\\/\\\/st-eng.it\\\/es\\\/#website\"},\"primaryImageOfPage\":{\"@id\":\"https:\\\/\\\/st-eng.it\\\/es\\\/empresa-familiar\\\/#primaryimage\"},\"image\":{\"@id\":\"https:\\\/\\\/st-eng.it\\\/es\\\/empresa-familiar\\\/#primaryimage\"},\"thumbnailUrl\":\"https:\\\/\\\/st-eng.it\\\/wp-content\\\/uploads\\\/2022\\\/10\\\/family-company-schiavinato-2021.jpg\",\"datePublished\":\"2022-09-23T07:35:08+00:00\",\"dateModified\":\"2026-02-11T10:11:44+00:00\",\"description\":\"La avanzada tecnolog\u00eda de nuestra maquinaria para toldos se combina con las ventajas de una empresa familiar. Descubra\",\"inLanguage\":\"es\",\"potentialAction\":[{\"@type\":\"ReadAction\",\"target\":[\"https:\\\/\\\/st-eng.it\\\/es\\\/empresa-familiar\\\/\"]}]},{\"@type\":\"ImageObject\",\"inLanguage\":\"es\",\"@id\":\"https:\\\/\\\/st-eng.it\\\/es\\\/empresa-familiar\\\/#primaryimage\",\"url\":\"https:\\\/\\\/st-eng.it\\\/wp-content\\\/uploads\\\/2022\\\/10\\\/family-company-schiavinato-2021.jpg\",\"contentUrl\":\"https:\\\/\\\/st-eng.it\\\/wp-content\\\/uploads\\\/2022\\\/10\\\/family-company-schiavinato-2021.jpg\",\"width\":2334,\"height\":1984},{\"@type\":\"WebSite\",\"@id\":\"https:\\\/\\\/st-eng.it\\\/es\\\/#website\",\"url\":\"https:\\\/\\\/st-eng.it\\\/es\\\/\",\"name\":\"ST engineering\",\"description\":\"technology - quality - passion\",\"publisher\":{\"@id\":\"https:\\\/\\\/st-eng.it\\\/es\\\/#organization\"},\"potentialAction\":[{\"@type\":\"SearchAction\",\"target\":{\"@type\":\"EntryPoint\",\"urlTemplate\":\"https:\\\/\\\/st-eng.it\\\/es\\\/?s={search_term_string}\"},\"query-input\":{\"@type\":\"PropertyValueSpecification\",\"valueRequired\":true,\"valueName\":\"search_term_string\"}}],\"inLanguage\":\"es\"},{\"@type\":\"Organization\",\"@id\":\"https:\\\/\\\/st-eng.it\\\/es\\\/#organization\",\"name\":\"ST engineering\",\"url\":\"https:\\\/\\\/st-eng.it\\\/es\\\/\",\"logo\":{\"@type\":\"ImageObject\",\"inLanguage\":\"es\",\"@id\":\"https:\\\/\\\/st-eng.it\\\/es\\\/#\\\/schema\\\/logo\\\/image\\\/\",\"url\":\"https:\\\/\\\/st-eng.it\\\/wp-content\\\/uploads\\\/2022\\\/10\\\/favicon.png\",\"contentUrl\":\"https:\\\/\\\/st-eng.it\\\/wp-content\\\/uploads\\\/2022\\\/10\\\/favicon.png\",\"width\":467,\"height\":464,\"caption\":\"ST engineering\"},\"image\":{\"@id\":\"https:\\\/\\\/st-eng.it\\\/es\\\/#\\\/schema\\\/logo\\\/image\\\/\"},\"sameAs\":[\"https:\\\/\\\/www.instagram.com\\\/stengineering_italy\\\/\",\"https:\\\/\\\/it.linkedin.com\\\/company\\\/st-engineering-a28127211\"]}]}<\/script>\n<!-- \/ Yoast SEO plugin. -->","yoast_head_json":{"title":"ST engineering - ofrece tecnolog\u00eda especializada y contacto directo","description":"La avanzada tecnolog\u00eda de nuestra maquinaria para toldos se combina con las ventajas de una empresa familiar. Descubra","robots":{"index":"index","follow":"follow","max-snippet":"max-snippet:-1","max-image-preview":"max-image-preview:large","max-video-preview":"max-video-preview:-1"},"canonical":"https:\/\/st-eng.it\/es\/empresa-familiar\/","og_locale":"es_ES","og_type":"article","og_title":"ST engineering - ofrece tecnolog\u00eda especializada y contacto directo","og_description":"La avanzada tecnolog\u00eda de nuestra maquinaria para toldos se combina con las ventajas de una empresa familiar. Descubra","og_url":"https:\/\/st-eng.it\/es\/empresa-familiar\/","og_site_name":"ST engineering","article_modified_time":"2026-02-11T10:11:44+00:00","og_image":[{"width":2334,"height":1984,"url":"https:\/\/st-eng.it\/wp-content\/uploads\/2022\/10\/family-company-schiavinato-2021.jpg","type":"image\/jpeg"}],"twitter_card":"summary_large_image","twitter_misc":{"Tiempo de lectura":"1 minuto"},"schema":{"@context":"https:\/\/schema.org","@graph":[{"@type":"WebPage","@id":"https:\/\/st-eng.it\/es\/empresa-familiar\/","url":"https:\/\/st-eng.it\/es\/empresa-familiar\/","name":"ST engineering - ofrece tecnolog\u00eda especializada y contacto directo","isPartOf":{"@id":"https:\/\/st-eng.it\/es\/#website"},"primaryImageOfPage":{"@id":"https:\/\/st-eng.it\/es\/empresa-familiar\/#primaryimage"},"image":{"@id":"https:\/\/st-eng.it\/es\/empresa-familiar\/#primaryimage"},"thumbnailUrl":"https:\/\/st-eng.it\/wp-content\/uploads\/2022\/10\/family-company-schiavinato-2021.jpg","datePublished":"2022-09-23T07:35:08+00:00","dateModified":"2026-02-11T10:11:44+00:00","description":"La avanzada tecnolog\u00eda de nuestra maquinaria para toldos se combina con las ventajas de una empresa familiar. Descubra","inLanguage":"es","potentialAction":[{"@type":"ReadAction","target":["https:\/\/st-eng.it\/es\/empresa-familiar\/"]}]},{"@type":"ImageObject","inLanguage":"es","@id":"https:\/\/st-eng.it\/es\/empresa-familiar\/#primaryimage","url":"https:\/\/st-eng.it\/wp-content\/uploads\/2022\/10\/family-company-schiavinato-2021.jpg","contentUrl":"https:\/\/st-eng.it\/wp-content\/uploads\/2022\/10\/family-company-schiavinato-2021.jpg","width":2334,"height":1984},{"@type":"WebSite","@id":"https:\/\/st-eng.it\/es\/#website","url":"https:\/\/st-eng.it\/es\/","name":"ST engineering","description":"technology - quality - passion","publisher":{"@id":"https:\/\/st-eng.it\/es\/#organization"},"potentialAction":[{"@type":"SearchAction","target":{"@type":"EntryPoint","urlTemplate":"https:\/\/st-eng.it\/es\/?s={search_term_string}"},"query-input":{"@type":"PropertyValueSpecification","valueRequired":true,"valueName":"search_term_string"}}],"inLanguage":"es"},{"@type":"Organization","@id":"https:\/\/st-eng.it\/es\/#organization","name":"ST engineering","url":"https:\/\/st-eng.it\/es\/","logo":{"@type":"ImageObject","inLanguage":"es","@id":"https:\/\/st-eng.it\/es\/#\/schema\/logo\/image\/","url":"https:\/\/st-eng.it\/wp-content\/uploads\/2022\/10\/favicon.png","contentUrl":"https:\/\/st-eng.it\/wp-content\/uploads\/2022\/10\/favicon.png","width":467,"height":464,"caption":"ST engineering"},"image":{"@id":"https:\/\/st-eng.it\/es\/#\/schema\/logo\/image\/"},"sameAs":["https:\/\/www.instagram.com\/stengineering_italy\/","https:\/\/it.linkedin.com\/company\/st-engineering-a28127211"]}]}},"_links":{"self":[{"href":"https:\/\/st-eng.it\/es\/wp-json\/wp\/v2\/pages\/1866","targetHints":{"allow":["GET"]}}],"collection":[{"href":"https:\/\/st-eng.it\/es\/wp-json\/wp\/v2\/pages"}],"about":[{"href":"https:\/\/st-eng.it\/es\/wp-json\/wp\/v2\/types\/page"}],"author":[{"embeddable":true,"href":"https:\/\/st-eng.it\/es\/wp-json\/wp\/v2\/users\/1"}],"replies":[{"embeddable":true,"href":"https:\/\/st-eng.it\/es\/wp-json\/wp\/v2\/comments?post=1866"}],"version-history":[{"count":7,"href":"https:\/\/st-eng.it\/es\/wp-json\/wp\/v2\/pages\/1866\/revisions"}],"predecessor-version":[{"id":3336,"href":"https:\/\/st-eng.it\/es\/wp-json\/wp\/v2\/pages\/1866\/revisions\/3336"}],"wp:featuredmedia":[{"embeddable":true,"href":"https:\/\/st-eng.it\/es\/wp-json\/wp\/v2\/media\/703"}],"wp:attachment":[{"href":"https:\/\/st-eng.it\/es\/wp-json\/wp\/v2\/media?parent=1866"}],"curies":[{"name":"wp","href":"https:\/\/api.w.org\/{rel}","templated":true}]}}