{"id":1864,"date":"2022-09-23T09:35:08","date_gmt":"2022-09-23T07:35:08","guid":{"rendered":"https:\/\/st-eng.it\/a-family-company\/"},"modified":"2026-02-11T11:07:13","modified_gmt":"2026-02-11T10:07:13","slug":"familienunternehmen","status":"publish","type":"page","link":"https:\/\/st-eng.it\/de\/familienunternehmen\/","title":{"rendered":"Ein Familienunternehmen"},"content":{"rendered":"\n<p>Kompetenz, Forschung und Innovation sind die Merkmale, die die Entwicklung und Herstellung unserer Maschinen und Anlagen seit \u00fcber 40 Jahren auszeichnen. Das Unternehmen ST ENGINEERING, das auf der tugendhaften Vereinigung der Ideen zweier Generationen beruht, entwickelt sich st\u00e4ndig weiter und schafft L\u00f6sungen f\u00fcr die Herstellung von Markisen, Rollos und Pergolen, die stolz Made in Italy sind und in die ganze Welt exportiert werden.<\/p>\n","protected":false},"excerpt":{"rendered":"Kompetenz, Forschung und Innovation sind die Merkmale, die die Entwicklung und Herstellung unserer Maschinen und Anlagen\u2026 <a href=\"https:\/\/st-eng.it\/de\/familienunternehmen\/\"><\/a>","protected":false},"author":1,"featured_media":701,"parent":0,"menu_order":0,"comment_status":"closed","ping_status":"closed","template":"page-AZIENDA.php","meta":{"_acf_changed":false,"footnotes":""},"class_list":["post-1864","page","type-page","status-publish","has-post-thumbnail","hentry"],"acf":[],"yoast_head":"<!-- This site is optimized with the Yoast SEO plugin v27.3 - https:\/\/yoast.com\/product\/yoast-seo-wordpress\/ -->\n<title>ST engineering - bietet spezialisierte Technologie und direkten Kontakt<\/title>\n<meta name=\"description\" content=\"Die fortschrittliche Technologie unserer Markisenmaschinen wird mit den Vorteilen eines Familienunternehmens kombiniert. Entdecken Sie\" \/>\n<meta name=\"robots\" content=\"index, follow, max-snippet:-1, max-image-preview:large, max-video-preview:-1\" \/>\n<link rel=\"canonical\" href=\"https:\/\/st-eng.it\/de\/familienunternehmen\/\" \/>\n<meta property=\"og:locale\" content=\"de_DE\" \/>\n<meta property=\"og:type\" content=\"article\" \/>\n<meta property=\"og:title\" content=\"ST engineering - bietet spezialisierte Technologie und direkten Kontakt\" \/>\n<meta property=\"og:description\" content=\"Die fortschrittliche Technologie unserer Markisenmaschinen wird mit den Vorteilen eines Familienunternehmens kombiniert. Entdecken Sie\" \/>\n<meta property=\"og:url\" content=\"https:\/\/st-eng.it\/de\/familienunternehmen\/\" \/>\n<meta property=\"og:site_name\" content=\"ST engineering\" \/>\n<meta property=\"article:modified_time\" content=\"2026-02-11T10:07:13+00:00\" \/>\n<meta property=\"og:image\" content=\"https:\/\/st-eng.it\/wp-content\/uploads\/2022\/10\/family-company-schiavinato-2021.jpg\" \/>\n\t<meta property=\"og:image:width\" content=\"2334\" \/>\n\t<meta property=\"og:image:height\" content=\"1984\" \/>\n\t<meta property=\"og:image:type\" content=\"image\/jpeg\" \/>\n<meta name=\"twitter:card\" content=\"summary_large_image\" \/>\n<meta name=\"twitter:label1\" content=\"Gesch\u00e4tzte Lesezeit\" \/>\n\t<meta name=\"twitter:data1\" content=\"1\u00a0Minute\" \/>\n<script type=\"application\/ld+json\" class=\"yoast-schema-graph\">{\"@context\":\"https:\\\/\\\/schema.org\",\"@graph\":[{\"@type\":\"WebPage\",\"@id\":\"https:\\\/\\\/st-eng.it\\\/de\\\/familienunternehmen\\\/\",\"url\":\"https:\\\/\\\/st-eng.it\\\/de\\\/familienunternehmen\\\/\",\"name\":\"ST engineering - bietet spezialisierte Technologie und direkten Kontakt\",\"isPartOf\":{\"@id\":\"https:\\\/\\\/st-eng.it\\\/de\\\/#website\"},\"primaryImageOfPage\":{\"@id\":\"https:\\\/\\\/st-eng.it\\\/de\\\/familienunternehmen\\\/#primaryimage\"},\"image\":{\"@id\":\"https:\\\/\\\/st-eng.it\\\/de\\\/familienunternehmen\\\/#primaryimage\"},\"thumbnailUrl\":\"https:\\\/\\\/st-eng.it\\\/wp-content\\\/uploads\\\/2022\\\/10\\\/family-company-schiavinato-2021.jpg\",\"datePublished\":\"2022-09-23T07:35:08+00:00\",\"dateModified\":\"2026-02-11T10:07:13+00:00\",\"description\":\"Die fortschrittliche Technologie unserer Markisenmaschinen wird mit den Vorteilen eines Familienunternehmens kombiniert. Entdecken Sie\",\"inLanguage\":\"de\",\"potentialAction\":[{\"@type\":\"ReadAction\",\"target\":[\"https:\\\/\\\/st-eng.it\\\/de\\\/familienunternehmen\\\/\"]}]},{\"@type\":\"ImageObject\",\"inLanguage\":\"de\",\"@id\":\"https:\\\/\\\/st-eng.it\\\/de\\\/familienunternehmen\\\/#primaryimage\",\"url\":\"https:\\\/\\\/st-eng.it\\\/wp-content\\\/uploads\\\/2022\\\/10\\\/family-company-schiavinato-2021.jpg\",\"contentUrl\":\"https:\\\/\\\/st-eng.it\\\/wp-content\\\/uploads\\\/2022\\\/10\\\/family-company-schiavinato-2021.jpg\",\"width\":2334,\"height\":1984},{\"@type\":\"WebSite\",\"@id\":\"https:\\\/\\\/st-eng.it\\\/de\\\/#website\",\"url\":\"https:\\\/\\\/st-eng.it\\\/de\\\/\",\"name\":\"ST engineering\",\"description\":\"technology - quality - passion\",\"publisher\":{\"@id\":\"https:\\\/\\\/st-eng.it\\\/de\\\/#organization\"},\"potentialAction\":[{\"@type\":\"SearchAction\",\"target\":{\"@type\":\"EntryPoint\",\"urlTemplate\":\"https:\\\/\\\/st-eng.it\\\/de\\\/?s={search_term_string}\"},\"query-input\":{\"@type\":\"PropertyValueSpecification\",\"valueRequired\":true,\"valueName\":\"search_term_string\"}}],\"inLanguage\":\"de\"},{\"@type\":\"Organization\",\"@id\":\"https:\\\/\\\/st-eng.it\\\/de\\\/#organization\",\"name\":\"ST engineering\",\"url\":\"https:\\\/\\\/st-eng.it\\\/de\\\/\",\"logo\":{\"@type\":\"ImageObject\",\"inLanguage\":\"de\",\"@id\":\"https:\\\/\\\/st-eng.it\\\/de\\\/#\\\/schema\\\/logo\\\/image\\\/\",\"url\":\"https:\\\/\\\/st-eng.it\\\/wp-content\\\/uploads\\\/2022\\\/10\\\/favicon.png\",\"contentUrl\":\"https:\\\/\\\/st-eng.it\\\/wp-content\\\/uploads\\\/2022\\\/10\\\/favicon.png\",\"width\":467,\"height\":464,\"caption\":\"ST engineering\"},\"image\":{\"@id\":\"https:\\\/\\\/st-eng.it\\\/de\\\/#\\\/schema\\\/logo\\\/image\\\/\"},\"sameAs\":[\"https:\\\/\\\/www.instagram.com\\\/stengineering_italy\\\/\",\"https:\\\/\\\/it.linkedin.com\\\/company\\\/st-engineering-a28127211\"]}]}<\/script>\n<!-- \/ Yoast SEO plugin. -->","yoast_head_json":{"title":"ST engineering - bietet spezialisierte Technologie und direkten Kontakt","description":"Die fortschrittliche Technologie unserer Markisenmaschinen wird mit den Vorteilen eines Familienunternehmens kombiniert. Entdecken Sie","robots":{"index":"index","follow":"follow","max-snippet":"max-snippet:-1","max-image-preview":"max-image-preview:large","max-video-preview":"max-video-preview:-1"},"canonical":"https:\/\/st-eng.it\/de\/familienunternehmen\/","og_locale":"de_DE","og_type":"article","og_title":"ST engineering - bietet spezialisierte Technologie und direkten Kontakt","og_description":"Die fortschrittliche Technologie unserer Markisenmaschinen wird mit den Vorteilen eines Familienunternehmens kombiniert. Entdecken Sie","og_url":"https:\/\/st-eng.it\/de\/familienunternehmen\/","og_site_name":"ST engineering","article_modified_time":"2026-02-11T10:07:13+00:00","og_image":[{"width":2334,"height":1984,"url":"https:\/\/st-eng.it\/wp-content\/uploads\/2022\/10\/family-company-schiavinato-2021.jpg","type":"image\/jpeg"}],"twitter_card":"summary_large_image","twitter_misc":{"Gesch\u00e4tzte Lesezeit":"1\u00a0Minute"},"schema":{"@context":"https:\/\/schema.org","@graph":[{"@type":"WebPage","@id":"https:\/\/st-eng.it\/de\/familienunternehmen\/","url":"https:\/\/st-eng.it\/de\/familienunternehmen\/","name":"ST engineering - bietet spezialisierte Technologie und direkten Kontakt","isPartOf":{"@id":"https:\/\/st-eng.it\/de\/#website"},"primaryImageOfPage":{"@id":"https:\/\/st-eng.it\/de\/familienunternehmen\/#primaryimage"},"image":{"@id":"https:\/\/st-eng.it\/de\/familienunternehmen\/#primaryimage"},"thumbnailUrl":"https:\/\/st-eng.it\/wp-content\/uploads\/2022\/10\/family-company-schiavinato-2021.jpg","datePublished":"2022-09-23T07:35:08+00:00","dateModified":"2026-02-11T10:07:13+00:00","description":"Die fortschrittliche Technologie unserer Markisenmaschinen wird mit den Vorteilen eines Familienunternehmens kombiniert. Entdecken Sie","inLanguage":"de","potentialAction":[{"@type":"ReadAction","target":["https:\/\/st-eng.it\/de\/familienunternehmen\/"]}]},{"@type":"ImageObject","inLanguage":"de","@id":"https:\/\/st-eng.it\/de\/familienunternehmen\/#primaryimage","url":"https:\/\/st-eng.it\/wp-content\/uploads\/2022\/10\/family-company-schiavinato-2021.jpg","contentUrl":"https:\/\/st-eng.it\/wp-content\/uploads\/2022\/10\/family-company-schiavinato-2021.jpg","width":2334,"height":1984},{"@type":"WebSite","@id":"https:\/\/st-eng.it\/de\/#website","url":"https:\/\/st-eng.it\/de\/","name":"ST engineering","description":"technology - quality - passion","publisher":{"@id":"https:\/\/st-eng.it\/de\/#organization"},"potentialAction":[{"@type":"SearchAction","target":{"@type":"EntryPoint","urlTemplate":"https:\/\/st-eng.it\/de\/?s={search_term_string}"},"query-input":{"@type":"PropertyValueSpecification","valueRequired":true,"valueName":"search_term_string"}}],"inLanguage":"de"},{"@type":"Organization","@id":"https:\/\/st-eng.it\/de\/#organization","name":"ST engineering","url":"https:\/\/st-eng.it\/de\/","logo":{"@type":"ImageObject","inLanguage":"de","@id":"https:\/\/st-eng.it\/de\/#\/schema\/logo\/image\/","url":"https:\/\/st-eng.it\/wp-content\/uploads\/2022\/10\/favicon.png","contentUrl":"https:\/\/st-eng.it\/wp-content\/uploads\/2022\/10\/favicon.png","width":467,"height":464,"caption":"ST engineering"},"image":{"@id":"https:\/\/st-eng.it\/de\/#\/schema\/logo\/image\/"},"sameAs":["https:\/\/www.instagram.com\/stengineering_italy\/","https:\/\/it.linkedin.com\/company\/st-engineering-a28127211"]}]}},"_links":{"self":[{"href":"https:\/\/st-eng.it\/de\/wp-json\/wp\/v2\/pages\/1864","targetHints":{"allow":["GET"]}}],"collection":[{"href":"https:\/\/st-eng.it\/de\/wp-json\/wp\/v2\/pages"}],"about":[{"href":"https:\/\/st-eng.it\/de\/wp-json\/wp\/v2\/types\/page"}],"author":[{"embeddable":true,"href":"https:\/\/st-eng.it\/de\/wp-json\/wp\/v2\/users\/1"}],"replies":[{"embeddable":true,"href":"https:\/\/st-eng.it\/de\/wp-json\/wp\/v2\/comments?post=1864"}],"version-history":[{"count":6,"href":"https:\/\/st-eng.it\/de\/wp-json\/wp\/v2\/pages\/1864\/revisions"}],"predecessor-version":[{"id":3334,"href":"https:\/\/st-eng.it\/de\/wp-json\/wp\/v2\/pages\/1864\/revisions\/3334"}],"wp:featuredmedia":[{"embeddable":true,"href":"https:\/\/st-eng.it\/de\/wp-json\/wp\/v2\/media\/701"}],"wp:attachment":[{"href":"https:\/\/st-eng.it\/de\/wp-json\/wp\/v2\/media?parent=1864"}],"curies":[{"name":"wp","href":"https:\/\/api.w.org\/{rel}","templated":true}]}}