{"id":1580,"date":"2022-09-23T09:35:37","date_gmt":"2022-09-23T07:35:37","guid":{"rendered":"https:\/\/st-eng.it\/kontakte\/"},"modified":"2022-11-21T16:47:15","modified_gmt":"2022-11-21T15:47:15","slug":"kontakte","status":"publish","type":"page","link":"https:\/\/st-eng.it\/de\/kontakte\/","title":{"rendered":"Kontakte"},"content":{"rendered":"","protected":false},"excerpt":{"rendered":"","protected":false},"author":1,"featured_media":0,"parent":0,"menu_order":0,"comment_status":"closed","ping_status":"closed","template":"page-CONTATTI.php","meta":{"_acf_changed":false,"footnotes":""},"class_list":["post-1580","page","type-page","status-publish","hentry"],"acf":[],"yoast_head":"<!-- This site is optimized with the Yoast SEO plugin v27.3 - https:\/\/yoast.com\/product\/yoast-seo-wordpress\/ -->\n<title>Kontaktieren Sie ST engineering f\u00fcr Informationen \u00fcber L\u00f6sungen<\/title>\n<meta name=\"description\" content=\"Wenden Sie sich an uns, wenn Sie weitere Informationen \u00fcber Maschinen und L\u00f6sungen f\u00fcr den Markisenbau w\u00fcnschen.\" \/>\n<meta name=\"robots\" content=\"index, follow, max-snippet:-1, max-image-preview:large, max-video-preview:-1\" \/>\n<link rel=\"canonical\" href=\"https:\/\/st-eng.it\/de\/kontakte\/\" \/>\n<meta property=\"og:locale\" content=\"de_DE\" \/>\n<meta property=\"og:type\" content=\"article\" \/>\n<meta property=\"og:title\" content=\"Kontaktieren Sie ST engineering f\u00fcr Informationen \u00fcber L\u00f6sungen\" \/>\n<meta property=\"og:description\" content=\"Wenden Sie sich an uns, wenn Sie weitere Informationen \u00fcber Maschinen und L\u00f6sungen f\u00fcr den Markisenbau w\u00fcnschen.\" \/>\n<meta property=\"og:url\" content=\"https:\/\/st-eng.it\/de\/kontakte\/\" \/>\n<meta property=\"og:site_name\" content=\"ST engineering\" \/>\n<meta property=\"article:modified_time\" content=\"2022-11-21T15:47:15+00:00\" \/>\n<meta name=\"twitter:card\" content=\"summary_large_image\" \/>\n<script type=\"application\/ld+json\" class=\"yoast-schema-graph\">{\"@context\":\"https:\\\/\\\/schema.org\",\"@graph\":[{\"@type\":\"WebPage\",\"@id\":\"https:\\\/\\\/st-eng.it\\\/de\\\/kontakte\\\/\",\"url\":\"https:\\\/\\\/st-eng.it\\\/de\\\/kontakte\\\/\",\"name\":\"Kontaktieren Sie ST engineering f\u00fcr Informationen \u00fcber L\u00f6sungen\",\"isPartOf\":{\"@id\":\"https:\\\/\\\/st-eng.it\\\/de\\\/#website\"},\"datePublished\":\"2022-09-23T07:35:37+00:00\",\"dateModified\":\"2022-11-21T15:47:15+00:00\",\"description\":\"Wenden Sie sich an uns, wenn Sie weitere Informationen \u00fcber Maschinen und L\u00f6sungen f\u00fcr den Markisenbau w\u00fcnschen.\",\"inLanguage\":\"de\",\"potentialAction\":[{\"@type\":\"ReadAction\",\"target\":[\"https:\\\/\\\/st-eng.it\\\/de\\\/kontakte\\\/\"]}]},{\"@type\":\"WebSite\",\"@id\":\"https:\\\/\\\/st-eng.it\\\/de\\\/#website\",\"url\":\"https:\\\/\\\/st-eng.it\\\/de\\\/\",\"name\":\"ST engineering\",\"description\":\"technology - quality - passion\",\"publisher\":{\"@id\":\"https:\\\/\\\/st-eng.it\\\/de\\\/#organization\"},\"potentialAction\":[{\"@type\":\"SearchAction\",\"target\":{\"@type\":\"EntryPoint\",\"urlTemplate\":\"https:\\\/\\\/st-eng.it\\\/de\\\/?s={search_term_string}\"},\"query-input\":{\"@type\":\"PropertyValueSpecification\",\"valueRequired\":true,\"valueName\":\"search_term_string\"}}],\"inLanguage\":\"de\"},{\"@type\":\"Organization\",\"@id\":\"https:\\\/\\\/st-eng.it\\\/de\\\/#organization\",\"name\":\"ST engineering\",\"url\":\"https:\\\/\\\/st-eng.it\\\/de\\\/\",\"logo\":{\"@type\":\"ImageObject\",\"inLanguage\":\"de\",\"@id\":\"https:\\\/\\\/st-eng.it\\\/de\\\/#\\\/schema\\\/logo\\\/image\\\/\",\"url\":\"https:\\\/\\\/st-eng.it\\\/wp-content\\\/uploads\\\/2022\\\/10\\\/favicon.png\",\"contentUrl\":\"https:\\\/\\\/st-eng.it\\\/wp-content\\\/uploads\\\/2022\\\/10\\\/favicon.png\",\"width\":467,\"height\":464,\"caption\":\"ST engineering\"},\"image\":{\"@id\":\"https:\\\/\\\/st-eng.it\\\/de\\\/#\\\/schema\\\/logo\\\/image\\\/\"},\"sameAs\":[\"https:\\\/\\\/www.instagram.com\\\/stengineering_italy\\\/\",\"https:\\\/\\\/it.linkedin.com\\\/company\\\/st-engineering-a28127211\"]}]}<\/script>\n<!-- \/ Yoast SEO plugin. -->","yoast_head_json":{"title":"Kontaktieren Sie ST engineering f\u00fcr Informationen \u00fcber L\u00f6sungen","description":"Wenden Sie sich an uns, wenn Sie weitere Informationen \u00fcber Maschinen und L\u00f6sungen f\u00fcr den Markisenbau w\u00fcnschen.","robots":{"index":"index","follow":"follow","max-snippet":"max-snippet:-1","max-image-preview":"max-image-preview:large","max-video-preview":"max-video-preview:-1"},"canonical":"https:\/\/st-eng.it\/de\/kontakte\/","og_locale":"de_DE","og_type":"article","og_title":"Kontaktieren Sie ST engineering f\u00fcr Informationen \u00fcber L\u00f6sungen","og_description":"Wenden Sie sich an uns, wenn Sie weitere Informationen \u00fcber Maschinen und L\u00f6sungen f\u00fcr den Markisenbau w\u00fcnschen.","og_url":"https:\/\/st-eng.it\/de\/kontakte\/","og_site_name":"ST engineering","article_modified_time":"2022-11-21T15:47:15+00:00","twitter_card":"summary_large_image","schema":{"@context":"https:\/\/schema.org","@graph":[{"@type":"WebPage","@id":"https:\/\/st-eng.it\/de\/kontakte\/","url":"https:\/\/st-eng.it\/de\/kontakte\/","name":"Kontaktieren Sie ST engineering f\u00fcr Informationen \u00fcber L\u00f6sungen","isPartOf":{"@id":"https:\/\/st-eng.it\/de\/#website"},"datePublished":"2022-09-23T07:35:37+00:00","dateModified":"2022-11-21T15:47:15+00:00","description":"Wenden Sie sich an uns, wenn Sie weitere Informationen \u00fcber Maschinen und L\u00f6sungen f\u00fcr den Markisenbau w\u00fcnschen.","inLanguage":"de","potentialAction":[{"@type":"ReadAction","target":["https:\/\/st-eng.it\/de\/kontakte\/"]}]},{"@type":"WebSite","@id":"https:\/\/st-eng.it\/de\/#website","url":"https:\/\/st-eng.it\/de\/","name":"ST engineering","description":"technology - quality - passion","publisher":{"@id":"https:\/\/st-eng.it\/de\/#organization"},"potentialAction":[{"@type":"SearchAction","target":{"@type":"EntryPoint","urlTemplate":"https:\/\/st-eng.it\/de\/?s={search_term_string}"},"query-input":{"@type":"PropertyValueSpecification","valueRequired":true,"valueName":"search_term_string"}}],"inLanguage":"de"},{"@type":"Organization","@id":"https:\/\/st-eng.it\/de\/#organization","name":"ST engineering","url":"https:\/\/st-eng.it\/de\/","logo":{"@type":"ImageObject","inLanguage":"de","@id":"https:\/\/st-eng.it\/de\/#\/schema\/logo\/image\/","url":"https:\/\/st-eng.it\/wp-content\/uploads\/2022\/10\/favicon.png","contentUrl":"https:\/\/st-eng.it\/wp-content\/uploads\/2022\/10\/favicon.png","width":467,"height":464,"caption":"ST engineering"},"image":{"@id":"https:\/\/st-eng.it\/de\/#\/schema\/logo\/image\/"},"sameAs":["https:\/\/www.instagram.com\/stengineering_italy\/","https:\/\/it.linkedin.com\/company\/st-engineering-a28127211"]}]}},"_links":{"self":[{"href":"https:\/\/st-eng.it\/de\/wp-json\/wp\/v2\/pages\/1580","targetHints":{"allow":["GET"]}}],"collection":[{"href":"https:\/\/st-eng.it\/de\/wp-json\/wp\/v2\/pages"}],"about":[{"href":"https:\/\/st-eng.it\/de\/wp-json\/wp\/v2\/types\/page"}],"author":[{"embeddable":true,"href":"https:\/\/st-eng.it\/de\/wp-json\/wp\/v2\/users\/1"}],"replies":[{"embeddable":true,"href":"https:\/\/st-eng.it\/de\/wp-json\/wp\/v2\/comments?post=1580"}],"version-history":[{"count":1,"href":"https:\/\/st-eng.it\/de\/wp-json\/wp\/v2\/pages\/1580\/revisions"}],"predecessor-version":[{"id":1986,"href":"https:\/\/st-eng.it\/de\/wp-json\/wp\/v2\/pages\/1580\/revisions\/1986"}],"wp:attachment":[{"href":"https:\/\/st-eng.it\/de\/wp-json\/wp\/v2\/media?parent=1580"}],"curies":[{"name":"wp","href":"https:\/\/api.w.org\/{rel}","templated":true}]}}